{"id":73,"date":"2023-10-31T14:10:02","date_gmt":"2023-10-31T13:10:02","guid":{"rendered":"http:\/\/prepwp.rar-cvl.org\/?page_id=73"},"modified":"2025-12-17T12:15:31","modified_gmt":"2025-12-17T11:15:31","slug":"qui-sommes-nous","status":"publish","type":"page","link":"https:\/\/rar-cvl.org\/index.php\/qui-sommes-nous\/","title":{"rendered":"Qui sommes-nous"},"content":{"rendered":"<h2>L&rsquo;association<\/h2>\n<h2>Le RAR-CVL, qu\u00e9saco ?<\/h2>\n<p>Le RAR Centre-Val de Loire est une association cr\u00e9\u00e9e en 2019 de la volont\u00e9 des acteurs du territoire de se r\u00e9unir pour <strong>partager leurs pratiques, leurs outils, aider au d\u00e9veloppement<\/strong> et \u00e0 la <strong>promotion du r\u00e9emploi<\/strong> dans la r\u00e9gion.<\/p>\n<p>Il a pour objet de <strong>promouvoir et valoriser le r\u00e9emploi, la r\u00e9utilisation et la r\u00e9paration solidaire<\/strong> sur le territoire.<\/p>\n<p>\t\t\t\t\t<a href=\"http:\/\/rar-cvl.org\/wp-content\/uploads\/2024\/08\/RAPPORT-ANNUEL-2023.pdf\" target=\"_blank\"><br \/>\n\t\t\t\t\t\t\t\t\tD\u00e9couvrir notre rapport annuel<br \/>\n\t\t\t\t\t<\/a><br \/>\n\t\t\t\t\t\t\t\t\t\t\t\t\t\t\t<img fetchpriority=\"high\" decoding=\"async\" width=\"1024\" height=\"1024\" src=\"http:\/\/rar-cvl.org\/wp-content\/uploads\/2024\/04\/1-4.svg\" alt=\"\" \/>\t\t\t\t\t\t\t\t\t\t\t\t\t\t\t<\/p>\n<h2>Missions et objectifs<\/h2>\n<p>\t\t\t\t\t\t\t\t\t\t\t\t\t\t\t<svg viewBox=\"0 0 448 512\" xmlns=\"http:\/\/www.w3.org\/2000\/svg\"><path d=\"M416 208H272V64c0-17.67-14.33-32-32-32h-32c-17.67 0-32 14.33-32 32v144H32c-17.67 0-32 14.33-32 32v32c0 17.67 14.33 32 32 32h144v144c0 17.67 14.33 32 32 32h32c17.67 0 32-14.33 32-32V304h144c17.67 0 32-14.33 32-32v-32c0-17.67-14.33-32-32-32z\"><\/path><\/svg><br \/>\n\t\t\t\t\t\t\t\t<svg viewBox=\"0 0 448 512\" xmlns=\"http:\/\/www.w3.org\/2000\/svg\"><path d=\"M416 208H32c-17.67 0-32 14.33-32 32v32c0 17.67 14.33 32 32 32h384c17.67 0 32-14.33 32-32v-32c0-17.67-14.33-32-32-32z\"><\/path><\/svg><br \/>\n\t\t\t\t\t\t\t\t\t\t\t\t<a tabindex=\"0\">Accompagner<\/a><\/p>\n<p>Soutenir les porteurs de projet et suivre les adh\u00e9rents dans leurs probl\u00e9matiques, organiser des visites de structures, impulser des \u00e9v\u00e9nements.<\/p>\n<p>\t\t\t\t\t\t\t\t\t\t\t\t\t\t\t<svg viewBox=\"0 0 448 512\" xmlns=\"http:\/\/www.w3.org\/2000\/svg\"><path d=\"M416 208H272V64c0-17.67-14.33-32-32-32h-32c-17.67 0-32 14.33-32 32v144H32c-17.67 0-32 14.33-32 32v32c0 17.67 14.33 32 32 32h144v144c0 17.67 14.33 32 32 32h32c17.67 0 32-14.33 32-32V304h144c17.67 0 32-14.33 32-32v-32c0-17.67-14.33-32-32-32z\"><\/path><\/svg><br \/>\n\t\t\t\t\t\t\t\t<svg viewBox=\"0 0 448 512\" xmlns=\"http:\/\/www.w3.org\/2000\/svg\"><path d=\"M416 208H32c-17.67 0-32 14.33-32 32v32c0 17.67 14.33 32 32 32h384c17.67 0 32-14.33 32-32v-32c0-17.67-14.33-32-32-32z\"><\/path><\/svg><br \/>\n\t\t\t\t\t\t\t\t\t\t\t\t<a tabindex=\"0\">Sensibiliser<\/a><\/p>\n<p>Favoriser le changement de comportement, faire le lien entre les acteurs et le grand public.<\/p>\n<p>\t\t\t\t\t\t\t\t\t\t\t\t\t\t\t<svg viewBox=\"0 0 448 512\" xmlns=\"http:\/\/www.w3.org\/2000\/svg\"><path d=\"M416 208H272V64c0-17.67-14.33-32-32-32h-32c-17.67 0-32 14.33-32 32v144H32c-17.67 0-32 14.33-32 32v32c0 17.67 14.33 32 32 32h144v144c0 17.67 14.33 32 32 32h32c17.67 0 32-14.33 32-32V304h144c17.67 0 32-14.33 32-32v-32c0-17.67-14.33-32-32-32z\"><\/path><\/svg><br \/>\n\t\t\t\t\t\t\t\t<svg viewBox=\"0 0 448 512\" xmlns=\"http:\/\/www.w3.org\/2000\/svg\"><path d=\"M416 208H32c-17.67 0-32 14.33-32 32v32c0 17.67 14.33 32 32 32h384c17.67 0 32-14.33 32-32v-32c0-17.67-14.33-32-32-32z\"><\/path><\/svg><br \/>\n\t\t\t\t\t\t\t\t\t\t\t\t<a tabindex=\"0\">Plaidoyer<\/a><\/p>\n<p>Remonter les alertes et pr\u00e9occupations au national, relayer leurs actions de plaidoyer vers nos adh\u00e9rents r\u00e9gionaux et construire le plaidoyer local selon les besoins du terrain.<\/p>\n<p>\t\t\t\t\t\t\t\t\t\t\t\t\t\t\t<svg viewBox=\"0 0 448 512\" xmlns=\"http:\/\/www.w3.org\/2000\/svg\"><path d=\"M416 208H272V64c0-17.67-14.33-32-32-32h-32c-17.67 0-32 14.33-32 32v144H32c-17.67 0-32 14.33-32 32v32c0 17.67 14.33 32 32 32h144v144c0 17.67 14.33 32 32 32h32c17.67 0 32-14.33 32-32V304h144c17.67 0 32-14.33 32-32v-32c0-17.67-14.33-32-32-32z\"><\/path><\/svg><br \/>\n\t\t\t\t\t\t\t\t<svg viewBox=\"0 0 448 512\" xmlns=\"http:\/\/www.w3.org\/2000\/svg\"><path d=\"M416 208H32c-17.67 0-32 14.33-32 32v32c0 17.67 14.33 32 32 32h384c17.67 0 32-14.33 32-32v-32c0-17.67-14.33-32-32-32z\"><\/path><\/svg><br \/>\n\t\t\t\t\t\t\t\t\t\t\t\t<a tabindex=\"0\">Mutualiser<\/a><\/p>\n<p>Partager les outils, les formations, la recherche, le d\u00e9veloppement des activit\u00e9s, les projets au service des adh\u00e9rents.<\/p>\n<p>\t\t\t\t\t\t\t\t\t\t\t\t\t\t\t<svg viewBox=\"0 0 448 512\" xmlns=\"http:\/\/www.w3.org\/2000\/svg\"><path d=\"M416 208H272V64c0-17.67-14.33-32-32-32h-32c-17.67 0-32 14.33-32 32v144H32c-17.67 0-32 14.33-32 32v32c0 17.67 14.33 32 32 32h144v144c0 17.67 14.33 32 32 32h32c17.67 0 32-14.33 32-32V304h144c17.67 0 32-14.33 32-32v-32c0-17.67-14.33-32-32-32z\"><\/path><\/svg><br \/>\n\t\t\t\t\t\t\t\t<svg viewBox=\"0 0 448 512\" xmlns=\"http:\/\/www.w3.org\/2000\/svg\"><path d=\"M416 208H32c-17.67 0-32 14.33-32 32v32c0 17.67 14.33 32 32 32h384c17.67 0 32-14.33 32-32v-32c0-17.67-14.33-32-32-32z\"><\/path><\/svg><br \/>\n\t\t\t\t\t\t\t\t\t\t\t\t<a tabindex=\"0\">Former et professionnaliser<\/a><\/p>\n<p>Faire \u00e9voluer les pratiques, travailler en r\u00e9seau, \u00e9changer sur les pratiques professionnelles.<\/p>\n<p>\t\t\t\t\t\t\t\t\t\t\t\t\t\t\t<svg viewBox=\"0 0 448 512\" xmlns=\"http:\/\/www.w3.org\/2000\/svg\"><path d=\"M416 208H272V64c0-17.67-14.33-32-32-32h-32c-17.67 0-32 14.33-32 32v144H32c-17.67 0-32 14.33-32 32v32c0 17.67 14.33 32 32 32h144v144c0 17.67 14.33 32 32 32h32c17.67 0 32-14.33 32-32V304h144c17.67 0 32-14.33 32-32v-32c0-17.67-14.33-32-32-32z\"><\/path><\/svg><br \/>\n\t\t\t\t\t\t\t\t<svg viewBox=\"0 0 448 512\" xmlns=\"http:\/\/www.w3.org\/2000\/svg\"><path d=\"M416 208H32c-17.67 0-32 14.33-32 32v32c0 17.67 14.33 32 32 32h384c17.67 0 32-14.33 32-32v-32c0-17.67-14.33-32-32-32z\"><\/path><\/svg><br \/>\n\t\t\t\t\t\t\t\t\t\t\t\t<a tabindex=\"0\">Communiquer<\/a><\/p>\n<p>Rendre compte et valoriser les initiatives des acteurs du r\u00e9emploi, concevoir et piloter des actions de communication.<\/p>\n<p>\t\t\t\t\t\t\t\t\t\t\t\t\t\t\t\t<a href=\"http:\/\/rar-cvl.org\/wp-content\/uploads\/2025\/01\/PLAQUETTE-RAR-CVL-2025-1.pdf\" target=\"_blank\"><br \/>\n\t\t\t\t\t\t\t<img data-recalc-dims=\"1\" decoding=\"async\" width=\"487\" height=\"1024\" src=\"https:\/\/i0.wp.com\/rar-cvl.org\/wp-content\/uploads\/2025\/01\/PLAQUETTE-RAR-9.png?resize=487%2C1024\" alt=\"\" srcset=\"https:\/\/i0.wp.com\/rar-cvl.org\/wp-content\/uploads\/2025\/01\/PLAQUETTE-RAR-9.png?resize=487%2C1024 487w, https:\/\/i0.wp.com\/rar-cvl.org\/wp-content\/uploads\/2025\/01\/PLAQUETTE-RAR-9.png?resize=143%2C300 143w, https:\/\/i0.wp.com\/rar-cvl.org\/wp-content\/uploads\/2025\/01\/PLAQUETTE-RAR-9.png?resize=768%2C1613 768w, https:\/\/i0.wp.com\/rar-cvl.org\/wp-content\/uploads\/2025\/01\/PLAQUETTE-RAR-9.png?resize=731%2C1536 731w, https:\/\/i0.wp.com\/rar-cvl.org\/wp-content\/uploads\/2025\/01\/PLAQUETTE-RAR-9.png?w=952 952w\" sizes=\"(max-width: 487px) 100vw, 487px\" \/>\t\t\t\t\t\t\t\t<\/a><\/p>\n<h2>D\u00e9couvrez notre plaquette !<\/h2>\n<p>\t\t\t\tLe Conseil d&rsquo;Administration<br \/>\n\t\t\t\t\t\t\t\t\t\t\t\t\t\t\t\t<a href=\"https:\/\/laressourceaaa.fr\/\" target=\"_blank\"><br \/>\n\t\t\t\t\t\t\t<img data-recalc-dims=\"1\" decoding=\"async\" width=\"1024\" height=\"1024\" src=\"https:\/\/i0.wp.com\/rar-cvl.org\/wp-content\/uploads\/2024\/06\/1-38.png?resize=1024%2C1024\" alt=\"\" srcset=\"https:\/\/i0.wp.com\/rar-cvl.org\/wp-content\/uploads\/2024\/06\/1-38.png?resize=1024%2C1024 1024w, https:\/\/i0.wp.com\/rar-cvl.org\/wp-content\/uploads\/2024\/06\/1-38.png?resize=300%2C300 300w, https:\/\/i0.wp.com\/rar-cvl.org\/wp-content\/uploads\/2024\/06\/1-38.png?resize=150%2C150 150w, https:\/\/i0.wp.com\/rar-cvl.org\/wp-content\/uploads\/2024\/06\/1-38.png?resize=768%2C768 768w, https:\/\/i0.wp.com\/rar-cvl.org\/wp-content\/uploads\/2024\/06\/1-38.png?w=1080 1080w\" sizes=\"(max-width: 1024px) 100vw, 1024px\" \/>\t\t\t\t\t\t\t\t<\/a><\/p>\n<h2>La Ressource AAA<\/h2>\n<p>Partenariat 45<\/p>\n<p>Suivi administratif<\/p>\n<p>Bons d&rsquo;\u00e9quipement<\/p>\n<p>\t\t\t\t\t\t\t\t\t\t\t\t\t\t\t\t<a href=\"https:\/\/www.label-emmaus.co\/fr\/nos-boutiques\/ressourcerie-les-bonnes-manieres\/?fbclid=IwY2xjawGQH5FleHRuA2FlbQIxMAABHTXDLU-Cgae5gcjkdU4jAYIAHR23a1LP_rQAFC6OPNURLh9iiHnuHl72nQ_aem_2LdfRV7jENgeuw1DYRYCIQ\" target=\"_blank\"><br \/>\n\t\t\t\t\t\t\t<img data-recalc-dims=\"1\" loading=\"lazy\" decoding=\"async\" width=\"1024\" height=\"1024\" src=\"https:\/\/i0.wp.com\/rar-cvl.org\/wp-content\/uploads\/2024\/06\/1-39.png?resize=1024%2C1024\" alt=\"\" srcset=\"https:\/\/i0.wp.com\/rar-cvl.org\/wp-content\/uploads\/2024\/06\/1-39.png?resize=1024%2C1024 1024w, https:\/\/i0.wp.com\/rar-cvl.org\/wp-content\/uploads\/2024\/06\/1-39.png?resize=300%2C300 300w, https:\/\/i0.wp.com\/rar-cvl.org\/wp-content\/uploads\/2024\/06\/1-39.png?resize=150%2C150 150w, https:\/\/i0.wp.com\/rar-cvl.org\/wp-content\/uploads\/2024\/06\/1-39.png?resize=768%2C768 768w, https:\/\/i0.wp.com\/rar-cvl.org\/wp-content\/uploads\/2024\/06\/1-39.png?w=1080 1080w\" sizes=\"(max-width: 1024px) 100vw, 1024px\" \/>\t\t\t\t\t\t\t\t<\/a><\/p>\n<h2>Les Bonnes Mani\u00e8res<\/h2>\n<p>Partenariat 41<\/p>\n<p>\t\t\t\t\t\t\t\t\t\t\t\t\t\t\t\t<a href=\"https:\/\/www.1000et1partages.org\/\" target=\"_blank\"><br \/>\n\t\t\t\t\t\t\t<img data-recalc-dims=\"1\" loading=\"lazy\" decoding=\"async\" width=\"1024\" height=\"1024\" src=\"https:\/\/i0.wp.com\/rar-cvl.org\/wp-content\/uploads\/2024\/06\/1-43.png?resize=1024%2C1024\" alt=\"\" srcset=\"https:\/\/i0.wp.com\/rar-cvl.org\/wp-content\/uploads\/2024\/06\/1-43.png?resize=1024%2C1024 1024w, https:\/\/i0.wp.com\/rar-cvl.org\/wp-content\/uploads\/2024\/06\/1-43.png?resize=300%2C300 300w, https:\/\/i0.wp.com\/rar-cvl.org\/wp-content\/uploads\/2024\/06\/1-43.png?resize=150%2C150 150w, https:\/\/i0.wp.com\/rar-cvl.org\/wp-content\/uploads\/2024\/06\/1-43.png?resize=768%2C768 768w, https:\/\/i0.wp.com\/rar-cvl.org\/wp-content\/uploads\/2024\/06\/1-43.png?w=1080 1080w\" sizes=\"(max-width: 1024px) 100vw, 1024px\" \/>\t\t\t\t\t\t\t\t<\/a><\/p>\n<h2>1000 &#038; 1 Partages<\/h2>\n<p>Relais partenariat 41<\/p>\n<p>Bons d&rsquo;\u00e9quipements<\/p>\n<p>\t\t\t\t\t\t\t\t\t\t\t\t\t\t\t\t<a href=\"https:\/\/laboiteaoutilsblog.wordpress.com\/\" target=\"_blank\"><br \/>\n\t\t\t\t\t\t\t<img data-recalc-dims=\"1\" loading=\"lazy\" decoding=\"async\" width=\"1024\" height=\"1024\" src=\"https:\/\/i0.wp.com\/rar-cvl.org\/wp-content\/uploads\/2024\/06\/1-41.png?resize=1024%2C1024\" alt=\"\" srcset=\"https:\/\/i0.wp.com\/rar-cvl.org\/wp-content\/uploads\/2024\/06\/1-41.png?resize=1024%2C1024 1024w, https:\/\/i0.wp.com\/rar-cvl.org\/wp-content\/uploads\/2024\/06\/1-41.png?resize=300%2C300 300w, https:\/\/i0.wp.com\/rar-cvl.org\/wp-content\/uploads\/2024\/06\/1-41.png?resize=150%2C150 150w, https:\/\/i0.wp.com\/rar-cvl.org\/wp-content\/uploads\/2024\/06\/1-41.png?resize=768%2C768 768w, https:\/\/i0.wp.com\/rar-cvl.org\/wp-content\/uploads\/2024\/06\/1-41.png?w=1080 1080w\" sizes=\"(max-width: 1024px) 100vw, 1024px\" \/>\t\t\t\t\t\t\t\t<\/a><\/p>\n<h2>La Bo\u00eete \u00e0 Outils<\/h2>\n<p>Partenariat 28<\/p>\n<p>Suivi des \u00e9tudes<\/p>\n<p>\t\t\t\t\t\t\t\t\t\t\t\t\t\t\t\t<a href=\"https:\/\/www.lesateliersligeteriens.org\/\" target=\"_blank\"><br \/>\n\t\t\t\t\t\t\t<img data-recalc-dims=\"1\" loading=\"lazy\" decoding=\"async\" width=\"1024\" height=\"1024\" src=\"https:\/\/i0.wp.com\/rar-cvl.org\/wp-content\/uploads\/2024\/06\/1-44.png?resize=1024%2C1024\" alt=\"\" srcset=\"https:\/\/i0.wp.com\/rar-cvl.org\/wp-content\/uploads\/2024\/06\/1-44.png?resize=1024%2C1024 1024w, https:\/\/i0.wp.com\/rar-cvl.org\/wp-content\/uploads\/2024\/06\/1-44.png?resize=300%2C300 300w, https:\/\/i0.wp.com\/rar-cvl.org\/wp-content\/uploads\/2024\/06\/1-44.png?resize=150%2C150 150w, https:\/\/i0.wp.com\/rar-cvl.org\/wp-content\/uploads\/2024\/06\/1-44.png?resize=768%2C768 768w, https:\/\/i0.wp.com\/rar-cvl.org\/wp-content\/uploads\/2024\/06\/1-44.png?w=1080 1080w\" sizes=\"(max-width: 1024px) 100vw, 1024px\" \/>\t\t\t\t\t\t\t\t<\/a><\/p>\n<h2>Les Ateliers Lig\u00e9teriens<\/h2>\n<p>Suivi financier<\/p>\n<p>Relais partenariat 45<\/p>\n<p>Administratrice du RNRR<\/p>\n<p>\t\t\t\t\t\t\t\t\t\t\t\t\t\t\t\t<a href=\"https:\/\/regiedequartiersvendome.fr\/\" target=\"_blank\"><br \/>\n\t\t\t\t\t\t\t<img data-recalc-dims=\"1\" loading=\"lazy\" decoding=\"async\" width=\"1024\" height=\"1024\" src=\"https:\/\/i0.wp.com\/rar-cvl.org\/wp-content\/uploads\/2024\/06\/1-40.png?resize=1024%2C1024\" alt=\"\" srcset=\"https:\/\/i0.wp.com\/rar-cvl.org\/wp-content\/uploads\/2024\/06\/1-40.png?resize=1024%2C1024 1024w, https:\/\/i0.wp.com\/rar-cvl.org\/wp-content\/uploads\/2024\/06\/1-40.png?resize=300%2C300 300w, https:\/\/i0.wp.com\/rar-cvl.org\/wp-content\/uploads\/2024\/06\/1-40.png?resize=150%2C150 150w, https:\/\/i0.wp.com\/rar-cvl.org\/wp-content\/uploads\/2024\/06\/1-40.png?resize=768%2C768 768w, https:\/\/i0.wp.com\/rar-cvl.org\/wp-content\/uploads\/2024\/06\/1-40.png?w=1080 1080w\" sizes=\"(max-width: 1024px) 100vw, 1024px\" \/>\t\t\t\t\t\t\t\t<\/a><\/p>\n<h2>La R\u00e9gie de Quartiers <br \/>de Vend\u00f4me<\/h2>\n<p>Suivi RH<\/p>\n<p>Relais partenariat 41<\/p>\n<p>\t\t\t\tL&rsquo;\u00e9quipe salari\u00e9e\u200b<br \/>\n\t\t\t\t\t\t\t\t\t\t\t\t\t\t\t<img data-recalc-dims=\"1\" loading=\"lazy\" decoding=\"async\" width=\"1024\" height=\"1024\" src=\"https:\/\/i0.wp.com\/rar-cvl.org\/wp-content\/uploads\/2024\/10\/Design-sans-titre-6.png?resize=1024%2C1024\" alt=\"\" srcset=\"https:\/\/i0.wp.com\/rar-cvl.org\/wp-content\/uploads\/2024\/10\/Design-sans-titre-6.png?resize=1024%2C1024 1024w, https:\/\/i0.wp.com\/rar-cvl.org\/wp-content\/uploads\/2024\/10\/Design-sans-titre-6.png?resize=300%2C300 300w, https:\/\/i0.wp.com\/rar-cvl.org\/wp-content\/uploads\/2024\/10\/Design-sans-titre-6.png?resize=150%2C150 150w, https:\/\/i0.wp.com\/rar-cvl.org\/wp-content\/uploads\/2024\/10\/Design-sans-titre-6.png?resize=768%2C768 768w, https:\/\/i0.wp.com\/rar-cvl.org\/wp-content\/uploads\/2024\/10\/Design-sans-titre-6.png?w=1080 1080w\" sizes=\"(max-width: 1024px) 100vw, 1024px\" \/>\t\t\t\t\t\t\t\t\t\t\t\t\t\t\t<\/p>\n<h2>Coralie VERWAERDE<\/h2>\n<p><b>Coordinatrice r\u00e9gionale<\/b><\/p>\n<p>coordination@rar-cvl.org<\/p>\n<p>06.51.21.24.48<\/p>\n<p>\t\t\t\t\t\t\t\t\t\t\t\t\t\t\t<img data-recalc-dims=\"1\" loading=\"lazy\" decoding=\"async\" width=\"1024\" height=\"1024\" src=\"https:\/\/i0.wp.com\/rar-cvl.org\/wp-content\/uploads\/2024\/10\/1-10.png?resize=1024%2C1024\" alt=\"\" srcset=\"https:\/\/i0.wp.com\/rar-cvl.org\/wp-content\/uploads\/2024\/10\/1-10.png?resize=1024%2C1024 1024w, https:\/\/i0.wp.com\/rar-cvl.org\/wp-content\/uploads\/2024\/10\/1-10.png?resize=300%2C300 300w, https:\/\/i0.wp.com\/rar-cvl.org\/wp-content\/uploads\/2024\/10\/1-10.png?resize=150%2C150 150w, https:\/\/i0.wp.com\/rar-cvl.org\/wp-content\/uploads\/2024\/10\/1-10.png?resize=768%2C768 768w, https:\/\/i0.wp.com\/rar-cvl.org\/wp-content\/uploads\/2024\/10\/1-10.png?w=1080 1080w\" sizes=\"(max-width: 1024px) 100vw, 1024px\" \/>\t\t\t\t\t\t\t\t\t\t\t\t\t\t\t<\/p>\n<h2>Laurence PHILIPPE<\/h2>\n<p><b>Charg\u00e9e de mission r\u00e9emploi<\/b><\/p>\n<p>accompagnement@rar-cvl.org<\/p>\n<p>06.26.65.42.50<\/p>\n","protected":false},"excerpt":{"rendered":"<p>L&rsquo;association Le RAR-CVL, qu\u00e9saco ? Le RAR Centre-Val de Loire est une association cr\u00e9\u00e9e en 2019 de la volont\u00e9 des [&hellip;]<\/p>\n","protected":false},"author":1,"featured_media":0,"parent":0,"menu_order":0,"comment_status":"closed","ping_status":"closed","template":"","meta":{"site-sidebar-layout":"no-sidebar","site-content-layout":"","ast-site-content-layout":"full-width-container","site-content-style":"default","site-sidebar-style":"default","ast-global-header-display":"","ast-banner-title-visibility":"","ast-main-header-display":"","ast-hfb-above-header-display":"","ast-hfb-below-header-display":"","ast-hfb-mobile-header-display":"","site-post-title":"disabled","ast-breadcrumbs-content":"","ast-featured-img":"disabled","footer-sml-layout":"","ast-disable-related-posts":"","theme-transparent-header-meta":"","adv-header-id-meta":"","stick-header-meta":"","header-above-stick-meta":"","header-main-stick-meta":"","header-below-stick-meta":"","astra-migrate-meta-layouts":"default","ast-page-background-enabled":"default","ast-page-background-meta":{"desktop":{"background-color":"var(--ast-global-color-4)","background-image":"","background-repeat":"repeat","background-position":"center center","background-size":"auto","background-attachment":"scroll","background-type":"","background-media":"","overlay-type":"","overlay-color":"","overlay-opacity":"","overlay-gradient":""},"tablet":{"background-color":"","background-image":"","background-repeat":"repeat","background-position":"center center","background-size":"auto","background-attachment":"scroll","background-type":"","background-media":"","overlay-type":"","overlay-color":"","overlay-opacity":"","overlay-gradient":""},"mobile":{"background-color":"","background-image":"","background-repeat":"repeat","background-position":"center center","background-size":"auto","background-attachment":"scroll","background-type":"","background-media":"","overlay-type":"","overlay-color":"","overlay-opacity":"","overlay-gradient":""}},"ast-content-background-meta":{"desktop":{"background-color":"var(--ast-global-color-5)","background-image":"","background-repeat":"repeat","background-position":"center center","background-size":"auto","background-attachment":"scroll","background-type":"","background-media":"","overlay-type":"","overlay-color":"","overlay-opacity":"","overlay-gradient":""},"tablet":{"background-color":"var(--ast-global-color-5)","background-image":"","background-repeat":"repeat","background-position":"center center","background-size":"auto","background-attachment":"scroll","background-type":"","background-media":"","overlay-type":"","overlay-color":"","overlay-opacity":"","overlay-gradient":""},"mobile":{"background-color":"var(--ast-global-color-5)","background-image":"","background-repeat":"repeat","background-position":"center center","background-size":"auto","background-attachment":"scroll","background-type":"","background-media":"","overlay-type":"","overlay-color":"","overlay-opacity":"","overlay-gradient":""}},"footnotes":""},"class_list":["post-73","page","type-page","status-publish","hentry"],"jetpack_sharing_enabled":true,"_links":{"self":[{"href":"https:\/\/rar-cvl.org\/index.php\/wp-json\/wp\/v2\/pages\/73","targetHints":{"allow":["GET"]}}],"collection":[{"href":"https:\/\/rar-cvl.org\/index.php\/wp-json\/wp\/v2\/pages"}],"about":[{"href":"https:\/\/rar-cvl.org\/index.php\/wp-json\/wp\/v2\/types\/page"}],"author":[{"embeddable":true,"href":"https:\/\/rar-cvl.org\/index.php\/wp-json\/wp\/v2\/users\/1"}],"replies":[{"embeddable":true,"href":"https:\/\/rar-cvl.org\/index.php\/wp-json\/wp\/v2\/comments?post=73"}],"version-history":[{"count":518,"href":"https:\/\/rar-cvl.org\/index.php\/wp-json\/wp\/v2\/pages\/73\/revisions"}],"predecessor-version":[{"id":3693,"href":"https:\/\/rar-cvl.org\/index.php\/wp-json\/wp\/v2\/pages\/73\/revisions\/3693"}],"wp:attachment":[{"href":"https:\/\/rar-cvl.org\/index.php\/wp-json\/wp\/v2\/media?parent=73"}],"curies":[{"name":"wp","href":"https:\/\/api.w.org\/{rel}","templated":true}]}}