{"id":3,"date":"2023-10-16T18:08:13","date_gmt":"2023-10-16T16:08:13","guid":{"rendered":"http:\/\/prepwp.rar-cvl.org\/?page_id=3"},"modified":"2024-12-31T15:20:52","modified_gmt":"2024-12-31T14:20:52","slug":"politique-de-confidentialite","status":"publish","type":"page","link":"https:\/\/rar-cvl.org\/index.php\/politique-de-confidentialite\/","title":{"rendered":"Politique de confidentialit\u00e9"},"content":{"rendered":"\t\t<div data-elementor-type=\"wp-page\" data-elementor-id=\"3\" class=\"elementor elementor-3\">\n\t\t\t\t<div class=\"elementor-element elementor-element-5e8c6ee8 e-flex e-con-boxed e-con e-parent\" data-id=\"5e8c6ee8\" data-element_type=\"container\">\n\t\t\t\t\t<div class=\"e-con-inner\">\n\t\t\t\t<div class=\"elementor-element elementor-element-288d4205 elementor-widget elementor-widget-text-editor\" data-id=\"288d4205\" data-element_type=\"widget\" data-widget_type=\"text-editor.default\">\n\t\t\t\t<div class=\"elementor-widget-container\">\n\t\t\t\t\t\t\t\t\t<p><strong><span style=\"color: #415aa4;\">Qui sommes-nous\u00a0?<\/span><br \/><\/strong>L\u2019adresse de notre site est : http:\/\/rar-cvl.org.<\/p>\n<p><!-- \/wp:heading --><!-- wp:paragraph --><\/p>\n<p class=\"wp-block-group has-global-padding is-content-justification-left is-layout-constrained wp-container-core-group-is-layout-6 wp-block-group-is-layout-constrained\"><span style=\"color: #415aa4;\"><strong>Donn\u00e9es collect\u00e9es<br \/><\/strong><\/span>Les informations recueillies sur le formulaire de contact sont destin\u00e9es \u00e0 la soci\u00e9t\u00e9 \u00ab RAR-CVL &#8211; R\u00e9seau des Acteurs du R\u00e9emploi et de la R\u00e9utilisation Centre-Val de Loire\u00a0 \u00bb, responsable du traitement, et sont collect\u00e9es dans le but de r\u00e9pondre \u00e0 votre message.<\/p>\n<p><strong><span style=\"color: #415aa4;\">Responsable du traitement<\/span><br \/><\/strong><span style=\"font-size: 16px;\">Coralie VERWAERDE, coordinatrice r\u00e9gionale RAR-CVL &#8211; coordination@rar-cvl.org<\/span><\/p>\n<p><strong><span style=\"color: #415aa4;\">Vos droits<\/span><br \/><\/strong>Conform\u00e9ment \u00e0 la Loi n\u00b078-17 du 6 janvier 1978 relative \u00e0 l\u2019informatique, aux fichiers et aux libert\u00e9s, vous disposez d\u2019un droit d\u2019acc\u00e8s, de rectification, d\u2019opposition et de suppression des donn\u00e9es qui vous concernent. Pour l\u2019exercer, vous pouvez nous contacter \u00e0 l\u2019adresse : contact@rar-cvl.org.<\/p>\n<p><!-- \/wp:paragraph --><!-- wp:heading --><!-- \/wp:paragraph --><!-- wp:heading --><\/p>\n<p><strong><span style=\"color: #415aa4;\">Contenu embarqu\u00e9 depuis d\u2019autres sites<\/span><br \/><\/strong>Les articles de ce site peuvent inclure des contenus int\u00e9gr\u00e9s (par exemple des vid\u00e9os, images, articles\u2026). Le contenu int\u00e9gr\u00e9 depuis d\u2019autres sites se comporte de la m\u00eame mani\u00e8re que si le visiteur se rendait sur cet autre site.<\/p>\n<p><!-- \/wp:heading --><!-- wp:paragraph --><\/p>\n<p><!-- \/wp:paragraph --><!-- wp:paragraph --><\/p>\n<p>Ces sites web pourraient collecter des donn\u00e9es sur vous, utiliser des cookies, embarquer des outils de suivis tiers, suivre vos interactions avec ces contenus embarqu\u00e9s si vous disposez d\u2019un compte connect\u00e9 sur leur site web.<\/p>\n<p><!-- \/wp:paragraph --><\/p>\t\t\t\t\t\t\t\t<\/div>\n\t\t\t\t<\/div>\n\t\t\t\t\t<\/div>\n\t\t\t\t<\/div>\n\t\t\t\t<\/div>\n\t\t","protected":false},"excerpt":{"rendered":"<p>Qui sommes-nous\u00a0?L\u2019adresse de notre site est : http:\/\/rar-cvl.org. Donn\u00e9es collect\u00e9esLes informations recueillies sur le formulaire de contact sont destin\u00e9es \u00e0 [&hellip;]<\/p>\n","protected":false},"author":1,"featured_media":0,"parent":0,"menu_order":0,"comment_status":"closed","ping_status":"open","template":"","meta":{"site-sidebar-layout":"default","site-content-layout":"","ast-site-content-layout":"default","site-content-style":"default","site-sidebar-style":"default","ast-global-header-display":"","ast-banner-title-visibility":"","ast-main-header-display":"","ast-hfb-above-header-display":"","ast-hfb-below-header-display":"","ast-hfb-mobile-header-display":"","site-post-title":"","ast-breadcrumbs-content":"","ast-featured-img":"","footer-sml-layout":"","ast-disable-related-posts":"","theme-transparent-header-meta":"","adv-header-id-meta":"","stick-header-meta":"","header-above-stick-meta":"","header-main-stick-meta":"","header-below-stick-meta":"","astra-migrate-meta-layouts":"default","ast-page-background-enabled":"default","ast-page-background-meta":{"desktop":{"background-color":"var(--ast-global-color-4)","background-image":"","background-repeat":"repeat","background-position":"center center","background-size":"auto","background-attachment":"scroll","background-type":"","background-media":"","overlay-type":"","overlay-color":"","overlay-opacity":"","overlay-gradient":""},"tablet":{"background-color":"","background-image":"","background-repeat":"repeat","background-position":"center center","background-size":"auto","background-attachment":"scroll","background-type":"","background-media":"","overlay-type":"","overlay-color":"","overlay-opacity":"","overlay-gradient":""},"mobile":{"background-color":"","background-image":"","background-repeat":"repeat","background-position":"center center","background-size":"auto","background-attachment":"scroll","background-type":"","background-media":"","overlay-type":"","overlay-color":"","overlay-opacity":"","overlay-gradient":""}},"ast-content-background-meta":{"desktop":{"background-color":"var(--ast-global-color-5)","background-image":"","background-repeat":"repeat","background-position":"center center","background-size":"auto","background-attachment":"scroll","background-type":"","background-media":"","overlay-type":"","overlay-color":"","overlay-opacity":"","overlay-gradient":""},"tablet":{"background-color":"var(--ast-global-color-5)","background-image":"","background-repeat":"repeat","background-position":"center center","background-size":"auto","background-attachment":"scroll","background-type":"","background-media":"","overlay-type":"","overlay-color":"","overlay-opacity":"","overlay-gradient":""},"mobile":{"background-color":"var(--ast-global-color-5)","background-image":"","background-repeat":"repeat","background-position":"center center","background-size":"auto","background-attachment":"scroll","background-type":"","background-media":"","overlay-type":"","overlay-color":"","overlay-opacity":"","overlay-gradient":""}},"footnotes":""},"class_list":["post-3","page","type-page","status-publish","hentry"],"jetpack_sharing_enabled":true,"_links":{"self":[{"href":"https:\/\/rar-cvl.org\/index.php\/wp-json\/wp\/v2\/pages\/3","targetHints":{"allow":["GET"]}}],"collection":[{"href":"https:\/\/rar-cvl.org\/index.php\/wp-json\/wp\/v2\/pages"}],"about":[{"href":"https:\/\/rar-cvl.org\/index.php\/wp-json\/wp\/v2\/types\/page"}],"author":[{"embeddable":true,"href":"https:\/\/rar-cvl.org\/index.php\/wp-json\/wp\/v2\/users\/1"}],"replies":[{"embeddable":true,"href":"https:\/\/rar-cvl.org\/index.php\/wp-json\/wp\/v2\/comments?post=3"}],"version-history":[{"count":15,"href":"https:\/\/rar-cvl.org\/index.php\/wp-json\/wp\/v2\/pages\/3\/revisions"}],"predecessor-version":[{"id":3329,"href":"https:\/\/rar-cvl.org\/index.php\/wp-json\/wp\/v2\/pages\/3\/revisions\/3329"}],"wp:attachment":[{"href":"https:\/\/rar-cvl.org\/index.php\/wp-json\/wp\/v2\/media?parent=3"}],"curies":[{"name":"wp","href":"https:\/\/api.w.org\/{rel}","templated":true}]}}