{"id":1952,"date":"2024-09-03T15:56:04","date_gmt":"2024-09-03T13:56:04","guid":{"rendered":"http:\/\/prepwp.rar-cvl.org\/?page_id=1952"},"modified":"2024-12-31T15:46:44","modified_gmt":"2024-12-31T14:46:44","slug":"plan-du-site","status":"publish","type":"page","link":"https:\/\/rar-cvl.org\/index.php\/plan-du-site\/","title":{"rendered":"Plan du site"},"content":{"rendered":"\t\t<div data-elementor-type=\"wp-page\" data-elementor-id=\"1952\" class=\"elementor elementor-1952\">\n\t\t\t\t<div class=\"elementor-element elementor-element-509baca e-flex e-con-boxed e-con e-parent\" data-id=\"509baca\" data-element_type=\"container\">\n\t\t\t\t\t<div class=\"e-con-inner\">\n\t\t\t\t<div class=\"elementor-element elementor-element-abe8338 elementor-widget elementor-widget-spacer\" data-id=\"abe8338\" data-element_type=\"widget\" data-widget_type=\"spacer.default\">\n\t\t\t\t<div class=\"elementor-widget-container\">\n\t\t\t\t\t\t\t<div class=\"elementor-spacer\">\n\t\t\t<div class=\"elementor-spacer-inner\"><\/div>\n\t\t<\/div>\n\t\t\t\t\t\t<\/div>\n\t\t\t\t<\/div>\n\t\t\t\t<div class=\"elementor-element elementor-element-8626b7e elementor-widget elementor-widget-heading\" data-id=\"8626b7e\" data-element_type=\"widget\" data-widget_type=\"heading.default\">\n\t\t\t\t<div class=\"elementor-widget-container\">\n\t\t\t\t\t<h2 class=\"elementor-heading-title elementor-size-default\">Plan du site<\/h2>\t\t\t\t<\/div>\n\t\t\t\t<\/div>\n\t\t\t\t<div class=\"elementor-element elementor-element-4e3be4f elementor-widget elementor-widget-text-editor\" data-id=\"4e3be4f\" data-element_type=\"widget\" data-widget_type=\"text-editor.default\">\n\t\t\t\t<div class=\"elementor-widget-container\">\n\t\t\t\t\t\t\t\t\t<p><strong>Page d&rsquo;accueil<br \/><\/strong><a href=\"http:\/\/rar-cvl.org\/\">Page d&rsquo;accueil du RAR-CVL<\/a><\/p><p><strong>Navigation principale<br \/>Notre r\u00e9seau<br \/><\/strong><a href=\"https:\/\/rar-cvl.org\/index.php\/qui-sommes-nous\/\">Qui sommes-nous ?<\/a><br \/><a href=\"https:\/\/rar-cvl.org\/index.php\/nos-adherents\/\">Nos adh\u00e9rents<\/a><br \/><a href=\"https:\/\/rar-cvl.org\/index.php\/adherer-au-rar-cvl\/\">Devenir adh\u00e9rent<\/a><br \/><a href=\"https:\/\/rar-cvl.org\/index.php\/adherer-au-rar-cvl\/\">Nos partenaires<\/a><\/p><p><strong>Le R\u00e9emploi Solidaire<br \/><\/strong><a href=\"https:\/\/rar-cvl.org\/index.php\/quesaco\/\">Qu\u00e9saco ?<\/a><br \/><a href=\"https:\/\/rar-cvl.org\/index.php\/observatoire-regionale\/\">Observatoire R\u00e9gional<\/a><br \/><a href=\"https:\/\/rar-cvl.org\/index.php\/faq\/\">FAQ<\/a><\/p><p><strong>Nos actions<\/strong><br \/><a href=\"https:\/\/rar-cvl.org\/index.php\/accompagnement\/\">Accompagnement<\/a><br \/><a href=\"https:\/\/rar-cvl.org\/index.php\/professionnalisation\/\">Professionnalisation<\/a><br \/><a href=\"https:\/\/rar-cvl.org\/index.php\/promotion-du-reemploi\/\">Promotion du r\u00e9emploi<\/a><br \/><a href=\"https:\/\/rar-cvl.org\/index.php\/lutte-contre-la-pauvrete\/\">Lutte contre la pauvret\u00e9<\/a><\/p><p><a href=\"https:\/\/rar-cvl.org\/index.php\/actualites\/\"><strong>Actualit\u00e9s<\/strong><\/a><\/p><p><a href=\"https:\/\/rar-cvl.org\/index.php\/contact\/\"><strong>Contactez-nous<\/strong><\/a><\/p><p><strong>Plus d&rsquo;informations<\/strong><br \/><a href=\"https:\/\/rar-cvl.org\/index.php\/politique-de-confidentialite\/\">Politique de confidentialit\u00e9<\/a><br \/><a href=\"https:\/\/rar-cvl.org\/index.php\/mentions-legales\/\">Mentions l\u00e9gales<\/a><br \/><a href=\"https:\/\/rar-cvl.org\/index.php\/plan-du-site\/\">Plan du site<\/a><\/p>\t\t\t\t\t\t\t\t<\/div>\n\t\t\t\t<\/div>\n\t\t\t\t\t<\/div>\n\t\t\t\t<\/div>\n\t\t\t\t<\/div>\n\t\t","protected":false},"excerpt":{"rendered":"<p>Plan du site Page d&rsquo;accueilPage d&rsquo;accueil du RAR-CVL Navigation principaleNotre r\u00e9seauQui sommes-nous ?Nos adh\u00e9rentsDevenir adh\u00e9rentNos partenaires Le R\u00e9emploi SolidaireQu\u00e9saco ?Observatoire [&hellip;]<\/p>\n","protected":false},"author":1,"featured_media":0,"parent":0,"menu_order":0,"comment_status":"closed","ping_status":"closed","template":"","meta":{"site-sidebar-layout":"no-sidebar","site-content-layout":"","ast-site-content-layout":"full-width-container","site-content-style":"default","site-sidebar-style":"default","ast-global-header-display":"","ast-banner-title-visibility":"","ast-main-header-display":"","ast-hfb-above-header-display":"","ast-hfb-below-header-display":"","ast-hfb-mobile-header-display":"","site-post-title":"disabled","ast-breadcrumbs-content":"","ast-featured-img":"disabled","footer-sml-layout":"","ast-disable-related-posts":"","theme-transparent-header-meta":"","adv-header-id-meta":"","stick-header-meta":"","header-above-stick-meta":"","header-main-stick-meta":"","header-below-stick-meta":"","astra-migrate-meta-layouts":"default","ast-page-background-enabled":"default","ast-page-background-meta":{"desktop":{"background-color":"var(--ast-global-color-4)","background-image":"","background-repeat":"repeat","background-position":"center center","background-size":"auto","background-attachment":"scroll","background-type":"","background-media":"","overlay-type":"","overlay-color":"","overlay-opacity":"","overlay-gradient":""},"tablet":{"background-color":"","background-image":"","background-repeat":"repeat","background-position":"center center","background-size":"auto","background-attachment":"scroll","background-type":"","background-media":"","overlay-type":"","overlay-color":"","overlay-opacity":"","overlay-gradient":""},"mobile":{"background-color":"","background-image":"","background-repeat":"repeat","background-position":"center center","background-size":"auto","background-attachment":"scroll","background-type":"","background-media":"","overlay-type":"","overlay-color":"","overlay-opacity":"","overlay-gradient":""}},"ast-content-background-meta":{"desktop":{"background-color":"var(--ast-global-color-5)","background-image":"","background-repeat":"repeat","background-position":"center center","background-size":"auto","background-attachment":"scroll","background-type":"","background-media":"","overlay-type":"","overlay-color":"","overlay-opacity":"","overlay-gradient":""},"tablet":{"background-color":"var(--ast-global-color-5)","background-image":"","background-repeat":"repeat","background-position":"center center","background-size":"auto","background-attachment":"scroll","background-type":"","background-media":"","overlay-type":"","overlay-color":"","overlay-opacity":"","overlay-gradient":""},"mobile":{"background-color":"var(--ast-global-color-5)","background-image":"","background-repeat":"repeat","background-position":"center center","background-size":"auto","background-attachment":"scroll","background-type":"","background-media":"","overlay-type":"","overlay-color":"","overlay-opacity":"","overlay-gradient":""}},"footnotes":""},"class_list":["post-1952","page","type-page","status-publish","hentry"],"jetpack_sharing_enabled":true,"_links":{"self":[{"href":"https:\/\/rar-cvl.org\/index.php\/wp-json\/wp\/v2\/pages\/1952","targetHints":{"allow":["GET"]}}],"collection":[{"href":"https:\/\/rar-cvl.org\/index.php\/wp-json\/wp\/v2\/pages"}],"about":[{"href":"https:\/\/rar-cvl.org\/index.php\/wp-json\/wp\/v2\/types\/page"}],"author":[{"embeddable":true,"href":"https:\/\/rar-cvl.org\/index.php\/wp-json\/wp\/v2\/users\/1"}],"replies":[{"embeddable":true,"href":"https:\/\/rar-cvl.org\/index.php\/wp-json\/wp\/v2\/comments?post=1952"}],"version-history":[{"count":16,"href":"https:\/\/rar-cvl.org\/index.php\/wp-json\/wp\/v2\/pages\/1952\/revisions"}],"predecessor-version":[{"id":3343,"href":"https:\/\/rar-cvl.org\/index.php\/wp-json\/wp\/v2\/pages\/1952\/revisions\/3343"}],"wp:attachment":[{"href":"https:\/\/rar-cvl.org\/index.php\/wp-json\/wp\/v2\/media?parent=1952"}],"curies":[{"name":"wp","href":"https:\/\/api.w.org\/{rel}","templated":true}]}}