{"id":1071,"date":"2024-06-24T14:09:34","date_gmt":"2024-06-24T12:09:34","guid":{"rendered":"http:\/\/prepwp.rar-cvl.org\/?page_id=1071"},"modified":"2025-01-03T09:36:48","modified_gmt":"2025-01-03T08:36:48","slug":"quesaco","status":"publish","type":"page","link":"https:\/\/rar-cvl.org\/index.php\/quesaco\/","title":{"rendered":"Qu\u00e9saco ?"},"content":{"rendered":"\t\t<div data-elementor-type=\"wp-page\" data-elementor-id=\"1071\" class=\"elementor elementor-1071\">\n\t\t\t\t<div class=\"elementor-element elementor-element-7395979 e-flex e-con-boxed e-con e-parent\" data-id=\"7395979\" data-element_type=\"container\" data-settings=\"{&quot;background_background&quot;:&quot;classic&quot;}\">\n\t\t\t\t\t<div class=\"e-con-inner\">\n\t\t<div class=\"elementor-element elementor-element-c28bdae e-con-full e-flex e-con e-child\" data-id=\"c28bdae\" data-element_type=\"container\">\n\t\t\t\t<div class=\"elementor-element elementor-element-f1df808 elementor-widget elementor-widget-heading\" data-id=\"f1df808\" data-element_type=\"widget\" data-widget_type=\"heading.default\">\n\t\t\t\t<div class=\"elementor-widget-container\">\n\t\t\t\t\t<h2 class=\"elementor-heading-title elementor-size-default\">Le R\u00e9emploi Soldaire : qu\u00e9saco ?<\/h2>\t\t\t\t<\/div>\n\t\t\t\t<\/div>\n\t\t\t\t<\/div>\n\t\t\t\t\t<\/div>\n\t\t\t\t<\/div>\n\t\t<div class=\"elementor-element elementor-element-3c5ef2e e-flex e-con-boxed e-con e-parent\" data-id=\"3c5ef2e\" data-element_type=\"container\" data-settings=\"{&quot;shape_divider_top&quot;:&quot;mountains&quot;}\">\n\t\t\t\t\t<div class=\"e-con-inner\">\n\t\t\t\t<div class=\"elementor-shape elementor-shape-top\" data-negative=\"false\">\n\t\t\t<svg xmlns=\"http:\/\/www.w3.org\/2000\/svg\" viewBox=\"0 0 1000 100\" preserveAspectRatio=\"none\">\n\t<path class=\"elementor-shape-fill\" opacity=\"0.33\" d=\"M473,67.3c-203.9,88.3-263.1-34-320.3,0C66,119.1,0,59.7,0,59.7V0h1000v59.7 c0,0-62.1,26.1-94.9,29.3c-32.8,3.3-62.8-12.3-75.8-22.1C806,49.6,745.3,8.7,694.9,4.7S492.4,59,473,67.3z\"\/>\n\t<path class=\"elementor-shape-fill\" opacity=\"0.66\" d=\"M734,67.3c-45.5,0-77.2-23.2-129.1-39.1c-28.6-8.7-150.3-10.1-254,39.1 s-91.7-34.4-149.2,0C115.7,118.3,0,39.8,0,39.8V0h1000v36.5c0,0-28.2-18.5-92.1-18.5C810.2,18.1,775.7,67.3,734,67.3z\"\/>\n\t<path class=\"elementor-shape-fill\" d=\"M766.1,28.9c-200-57.5-266,65.5-395.1,19.5C242,1.8,242,5.4,184.8,20.6C128,35.8,132.3,44.9,89.9,52.5C28.6,63.7,0,0,0,0 h1000c0,0-9.9,40.9-83.6,48.1S829.6,47,766.1,28.9z\"\/>\n<\/svg>\t\t<\/div>\n\t\t\t\t\t<\/div>\n\t\t\t\t<\/div>\n\t\t<div class=\"elementor-element elementor-element-501bf4d e-flex e-con-boxed e-con e-parent\" data-id=\"501bf4d\" data-element_type=\"container\" data-settings=\"{&quot;background_background&quot;:&quot;classic&quot;}\">\n\t\t\t\t\t<div class=\"e-con-inner\">\n\t\t\t\t<div class=\"elementor-element elementor-element-17c7bb4 elementor-widget elementor-widget-spacer\" data-id=\"17c7bb4\" data-element_type=\"widget\" data-widget_type=\"spacer.default\">\n\t\t\t\t<div class=\"elementor-widget-container\">\n\t\t\t\t\t\t\t<div class=\"elementor-spacer\">\n\t\t\t<div class=\"elementor-spacer-inner\"><\/div>\n\t\t<\/div>\n\t\t\t\t\t\t<\/div>\n\t\t\t\t<\/div>\n\t\t\t\t\t<\/div>\n\t\t\t\t<\/div>\n\t\t<div class=\"elementor-element elementor-element-90ad168 e-flex e-con-boxed e-con e-parent\" data-id=\"90ad168\" data-element_type=\"container\" data-settings=\"{&quot;background_background&quot;:&quot;classic&quot;}\">\n\t\t\t\t\t<div class=\"e-con-inner\">\n\t\t\t\t<div class=\"elementor-element elementor-element-dcdb244 elementor-widget elementor-widget-heading\" data-id=\"dcdb244\" data-element_type=\"widget\" data-widget_type=\"heading.default\">\n\t\t\t\t<div class=\"elementor-widget-container\">\n\t\t\t\t\t<h2 class=\"elementor-heading-title elementor-size-default\">D\u00e9finition et objectifs<\/h2>\t\t\t\t<\/div>\n\t\t\t\t<\/div>\n\t\t\t\t\t<\/div>\n\t\t\t\t<\/div>\n\t\t<div class=\"elementor-element elementor-element-7b0b257 e-grid e-con-boxed e-con e-parent\" data-id=\"7b0b257\" data-element_type=\"container\" data-settings=\"{&quot;background_background&quot;:&quot;classic&quot;}\">\n\t\t\t\t\t<div class=\"e-con-inner\">\n\t\t\t\t<div class=\"elementor-element elementor-element-f13d76b elementor-widget elementor-widget-text-editor\" data-id=\"f13d76b\" data-element_type=\"widget\" data-widget_type=\"text-editor.default\">\n\t\t\t\t<div class=\"elementor-widget-container\">\n\t\t\t\t\t\t\t\t\t<p>Le <strong>r\u00e9emploi solidaire<\/strong> est une d\u00e9marche visant \u00e0 <span style=\"color: #415aa4;\">prolonger la dur\u00e9e de vie des objets<\/span> en les <span style=\"color: #415aa4;\">r\u00e9cup\u00e9rant<\/span>, en les <span style=\"color: #415aa4;\">r\u00e9parant <\/span>ou en les <span style=\"color: #415aa4;\">reconditionnant <\/span>pour qu&rsquo;ils puissent \u00eatre r\u00e9utilis\u00e9s plut\u00f4t que jet\u00e9s.\u00a0<\/p><p>L&rsquo;objectif principal de cette pratique est double : <span style=\"color: #415aa4;\">r\u00e9duire le gaspillage<\/span> et l&rsquo;impact environnemental en <span style=\"color: #415aa4;\">limitant les d\u00e9chets<\/span>, tout en soutenant des <span style=\"color: #415aa4;\">initiatives sociales<\/span>. En redonnant une seconde vie aux objets, le r\u00e9emploi solidaire contribue non seulement \u00e0 la <span style=\"color: #415aa4;\">pr\u00e9servation de l&rsquo;environnement<\/span>, mais \u00e9galement \u00e0 la <span style=\"color: #415aa4;\">cr\u00e9ation d&#8217;emplois<\/span> et au soutien des personnes en situation de pr\u00e9carit\u00e9, favorisant ainsi une \u00e9conomie plus circulaire et inclusive.<\/p>\t\t\t\t\t\t\t\t<\/div>\n\t\t\t\t<\/div>\n\t\t\t\t<div class=\"elementor-element elementor-element-74f4d5f elementor-widget elementor-widget-video\" data-id=\"74f4d5f\" data-element_type=\"widget\" data-settings=\"{&quot;youtube_url&quot;:&quot;https:\\\/\\\/www.youtube.com\\\/watch?v=9g3SBE2o_tM&quot;,&quot;video_type&quot;:&quot;youtube&quot;,&quot;controls&quot;:&quot;yes&quot;}\" data-widget_type=\"video.default\">\n\t\t\t\t<div class=\"elementor-widget-container\">\n\t\t\t\t\t\t\t<div class=\"elementor-wrapper elementor-open-inline\">\n\t\t\t<div class=\"elementor-video\"><\/div>\t\t<\/div>\n\t\t\t\t\t\t<\/div>\n\t\t\t\t<\/div>\n\t\t\t\t\t<\/div>\n\t\t\t\t<\/div>\n\t\t<div class=\"elementor-element elementor-element-7ea7456 e-flex e-con-boxed e-con e-parent\" data-id=\"7ea7456\" data-element_type=\"container\" data-settings=\"{&quot;background_background&quot;:&quot;classic&quot;}\">\n\t\t\t\t\t<div class=\"e-con-inner\">\n\t\t\t\t<div class=\"elementor-element elementor-element-2d98171 elementor-widget elementor-widget-heading\" data-id=\"2d98171\" data-element_type=\"widget\" data-widget_type=\"heading.default\">\n\t\t\t\t<div class=\"elementor-widget-container\">\n\t\t\t\t\t<h2 class=\"elementor-heading-title elementor-size-default\">Les impacts environnementaux et sociaux<\/h2>\t\t\t\t<\/div>\n\t\t\t\t<\/div>\n\t\t\t\t<div class=\"elementor-element elementor-element-801195d elementor-widget elementor-widget-text-editor\" data-id=\"801195d\" data-element_type=\"widget\" data-widget_type=\"text-editor.default\">\n\t\t\t\t<div class=\"elementor-widget-container\">\n\t\t\t\t\t\t\t\t\t<p>Le <strong>r\u00e9emploi solidaire<\/strong> joue un r\u00f4le crucial sur le <span style=\"color: #415aa4;\"><strong>plan environnemental<\/strong><\/span> en contribuant significativement \u00e0 la r\u00e9duction des d\u00e9chets. En r\u00e9cup\u00e9rant et r\u00e9utilisant des objets qui auraient autrement \u00e9t\u00e9 jet\u00e9s, cette pratique <span style=\"color: #415aa4;\">diminue la quantit\u00e9 de d\u00e9chets<\/span> envoy\u00e9s dans les d\u00e9charges et incin\u00e9rateurs. Cela permet de <span style=\"color: #415aa4;\">pr\u00e9server les ressources naturelles<\/span> en <span style=\"color: #415aa4;\">r\u00e9duisant la n\u00e9cessit\u00e9 de produire de nouveaux biens<\/span>, limitant ainsi l&rsquo;extraction de mati\u00e8res premi\u00e8res et la consommation d&rsquo;\u00e9nergie associ\u00e9es \u00e0 la fabrication.<\/p><p>Sur le <span style=\"color: #415aa4;\"><strong>plan social<\/strong><\/span>, le r\u00e9emploi solidaire permet la <span style=\"color: #415aa4;\">cr\u00e9ation d&#8217;emplois non d\u00e9localisables<\/span>\u00a0dans le secteur de la r\u00e9paration, du tri et de la vente d&rsquo;objets r\u00e9employ\u00e9s, il offre des opportunit\u00e9s d&#8217;emploi \u00e0 des personnes souvent \u00e9loign\u00e9es du march\u00e9 du travail. De plus, les revenus g\u00e9n\u00e9r\u00e9s par la vente de ces objets \u00e0 des prix abordables sont souvent <span style=\"color: #415aa4;\">r\u00e9investis dans des projets communautaires et solidaires<\/span>, soutenant ainsi les personnes en difficult\u00e9. Le r\u00e9emploi solidaire contribue \u00e9galement \u00e0 <span style=\"color: #415aa4;\">renforcer le tissu social<\/span> en encourageant la <span style=\"color: #415aa4;\">coop\u00e9ration<\/span> et <span style=\"color: #415aa4;\">l&rsquo;entraide<\/span>, tout en promouvant des modes de consommation <span style=\"color: #415aa4;\">plus responsables et durables<\/span>.<\/p>\t\t\t\t\t\t\t\t<\/div>\n\t\t\t\t<\/div>\n\t\t\t\t\t<\/div>\n\t\t\t\t<\/div>\n\t\t<div class=\"elementor-element elementor-element-93d886d e-flex e-con-boxed e-con e-parent\" data-id=\"93d886d\" data-element_type=\"container\" data-settings=\"{&quot;background_background&quot;:&quot;classic&quot;}\">\n\t\t\t\t\t<div class=\"e-con-inner\">\n\t\t\t\t<div class=\"elementor-element elementor-element-414fa17 elementor-widget elementor-widget-text-editor\" data-id=\"414fa17\" data-element_type=\"widget\" data-settings=\"{&quot;_animation&quot;:&quot;none&quot;}\" data-widget_type=\"text-editor.default\">\n\t\t\t\t<div class=\"elementor-widget-container\">\n\t\t\t\t\t\t\t\t\t<p><span style=\"color: #ffffff;\">Chacun de nous a un r\u00f4le \u00e0 jouer dans le soutien au <strong>r\u00e9emploi solidaire<\/strong>, et il existe de nombreuses fa\u00e7ons de <strong>s&rsquo;engager<\/strong>. <\/span><\/p><p><span style=\"color: #ffffff;\">Faire un don d\u2019objets dont vous n&rsquo;avez plus besoin, offrir votre temps en tant que b\u00e9n\u00e9vole dans des organisations locales, acheter des produits r\u00e9employ\u00e9s dans des boutiques de seconde main&#8230; <strong>Chaque petit geste compte<\/strong> et contribue \u00e0 la <strong>r\u00e9duction des d\u00e9chets<\/strong>, \u00e0 la <strong>pr\u00e9servation de l&rsquo;environnement<\/strong>, et au soutien des <strong>initiatives sociales et solidaires<\/strong>.<\/span><\/p><p><span style=\"color: #ffffff;\">En choisissant de vous impliquer dans le r\u00e9emploi solidaire, vous faites bien plus que donner une seconde vie aux objets : <strong>vous contribuez \u00e0 un avenir plus durable et plus \u00e9quitable<\/strong> ! \ud83c\udf0d<\/span><\/p>\t\t\t\t\t\t\t\t<\/div>\n\t\t\t\t<\/div>\n\t\t\t\t<div class=\"elementor-element elementor-element-c79cda7 elementor-widget elementor-widget-heading\" data-id=\"c79cda7\" data-element_type=\"widget\" data-widget_type=\"heading.default\">\n\t\t\t\t<div class=\"elementor-widget-container\">\n\t\t\t\t\t<h2 class=\"elementor-heading-title elementor-size-default\">Envie de vous engager, un projet, une question ou besoin d'une information suppl\u00e9mentaire ?<\/h2>\t\t\t\t<\/div>\n\t\t\t\t<\/div>\n\t\t\t\t<div class=\"elementor-element elementor-element-ca4df2a elementor-align-center elementor-widget elementor-widget-button\" data-id=\"ca4df2a\" data-element_type=\"widget\" data-widget_type=\"button.default\">\n\t\t\t\t<div class=\"elementor-widget-container\">\n\t\t\t\t\t\t\t\t\t<div class=\"elementor-button-wrapper\">\n\t\t\t\t\t<a class=\"elementor-button elementor-button-link elementor-size-sm\" href=\"https:\/\/rar-cvl.org\/index.php\/contact\/\">\n\t\t\t\t\t\t<span class=\"elementor-button-content-wrapper\">\n\t\t\t\t\t\t\t\t\t<span class=\"elementor-button-text\">Contactez le RAR-CVL<\/span>\n\t\t\t\t\t<\/span>\n\t\t\t\t\t<\/a>\n\t\t\t\t<\/div>\n\t\t\t\t\t\t\t\t<\/div>\n\t\t\t\t<\/div>\n\t\t\t\t\t<\/div>\n\t\t\t\t<\/div>\n\t\t<div class=\"elementor-element elementor-element-2615763 e-flex e-con-boxed e-con e-parent\" data-id=\"2615763\" data-element_type=\"container\" data-settings=\"{&quot;background_background&quot;:&quot;classic&quot;}\">\n\t\t\t\t\t<div class=\"e-con-inner\">\n\t\t\t\t<div class=\"elementor-element elementor-element-03b895c elementor-widget elementor-widget-spacer\" data-id=\"03b895c\" data-element_type=\"widget\" data-widget_type=\"spacer.default\">\n\t\t\t\t<div class=\"elementor-widget-container\">\n\t\t\t\t\t\t\t<div class=\"elementor-spacer\">\n\t\t\t<div class=\"elementor-spacer-inner\"><\/div>\n\t\t<\/div>\n\t\t\t\t\t\t<\/div>\n\t\t\t\t<\/div>\n\t\t\t\t\t<\/div>\n\t\t\t\t<\/div>\n\t\t\t\t<\/div>\n\t\t","protected":false},"excerpt":{"rendered":"<p>Le R\u00e9emploi Soldaire : qu\u00e9saco ? D\u00e9finition et objectifs Le r\u00e9emploi solidaire est une d\u00e9marche visant \u00e0 prolonger la dur\u00e9e [&hellip;]<\/p>\n","protected":false},"author":1,"featured_media":0,"parent":0,"menu_order":0,"comment_status":"closed","ping_status":"closed","template":"","meta":{"site-sidebar-layout":"no-sidebar","site-content-layout":"","ast-site-content-layout":"full-width-container","site-content-style":"default","site-sidebar-style":"default","ast-global-header-display":"","ast-banner-title-visibility":"","ast-main-header-display":"","ast-hfb-above-header-display":"","ast-hfb-below-header-display":"","ast-hfb-mobile-header-display":"","site-post-title":"disabled","ast-breadcrumbs-content":"","ast-featured-img":"disabled","footer-sml-layout":"","ast-disable-related-posts":"","theme-transparent-header-meta":"","adv-header-id-meta":"","stick-header-meta":"","header-above-stick-meta":"","header-main-stick-meta":"","header-below-stick-meta":"","astra-migrate-meta-layouts":"default","ast-page-background-enabled":"default","ast-page-background-meta":{"desktop":{"background-color":"var(--ast-global-color-4)","background-image":"","background-repeat":"repeat","background-position":"center center","background-size":"auto","background-attachment":"scroll","background-type":"","background-media":"","overlay-type":"","overlay-color":"","overlay-opacity":"","overlay-gradient":""},"tablet":{"background-color":"","background-image":"","background-repeat":"repeat","background-position":"center center","background-size":"auto","background-attachment":"scroll","background-type":"","background-media":"","overlay-type":"","overlay-color":"","overlay-opacity":"","overlay-gradient":""},"mobile":{"background-color":"","background-image":"","background-repeat":"repeat","background-position":"center center","background-size":"auto","background-attachment":"scroll","background-type":"","background-media":"","overlay-type":"","overlay-color":"","overlay-opacity":"","overlay-gradient":""}},"ast-content-background-meta":{"desktop":{"background-color":"var(--ast-global-color-5)","background-image":"","background-repeat":"repeat","background-position":"center center","background-size":"auto","background-attachment":"scroll","background-type":"","background-media":"","overlay-type":"","overlay-color":"","overlay-opacity":"","overlay-gradient":""},"tablet":{"background-color":"var(--ast-global-color-5)","background-image":"","background-repeat":"repeat","background-position":"center center","background-size":"auto","background-attachment":"scroll","background-type":"","background-media":"","overlay-type":"","overlay-color":"","overlay-opacity":"","overlay-gradient":""},"mobile":{"background-color":"var(--ast-global-color-5)","background-image":"","background-repeat":"repeat","background-position":"center center","background-size":"auto","background-attachment":"scroll","background-type":"","background-media":"","overlay-type":"","overlay-color":"","overlay-opacity":"","overlay-gradient":""}},"footnotes":""},"class_list":["post-1071","page","type-page","status-publish","hentry"],"jetpack_sharing_enabled":true,"_links":{"self":[{"href":"https:\/\/rar-cvl.org\/index.php\/wp-json\/wp\/v2\/pages\/1071","targetHints":{"allow":["GET"]}}],"collection":[{"href":"https:\/\/rar-cvl.org\/index.php\/wp-json\/wp\/v2\/pages"}],"about":[{"href":"https:\/\/rar-cvl.org\/index.php\/wp-json\/wp\/v2\/types\/page"}],"author":[{"embeddable":true,"href":"https:\/\/rar-cvl.org\/index.php\/wp-json\/wp\/v2\/users\/1"}],"replies":[{"embeddable":true,"href":"https:\/\/rar-cvl.org\/index.php\/wp-json\/wp\/v2\/comments?post=1071"}],"version-history":[{"count":94,"href":"https:\/\/rar-cvl.org\/index.php\/wp-json\/wp\/v2\/pages\/1071\/revisions"}],"predecessor-version":[{"id":3490,"href":"https:\/\/rar-cvl.org\/index.php\/wp-json\/wp\/v2\/pages\/1071\/revisions\/3490"}],"wp:attachment":[{"href":"https:\/\/rar-cvl.org\/index.php\/wp-json\/wp\/v2\/media?parent=1071"}],"curies":[{"name":"wp","href":"https:\/\/api.w.org\/{rel}","templated":true}]}}